{"id":8,"date":"2020-11-13T00:13:27","date_gmt":"2020-11-13T00:13:27","guid":{"rendered":"https:\/\/bemaauditores.com.br\/portal\/?page_id=8"},"modified":"2020-11-13T00:13:27","modified_gmt":"2020-11-13T00:13:27","slug":"consultoria","status":"publish","type":"page","link":"https:\/\/bemaauditores.com.br\/portal\/consultoria\/","title":{"rendered":"Consultoria"},"content":{"rendered":"<p align=\"justify\"><span style=\"font-size: medium;\">Os servi\u00e7os de Consultoria s\u00e3o realizados com visitas semanais, al\u00e9m de contato para esclarecimento de duvidas por e-mail e telefone, abaixo est\u00e3o as \u00e1reas da consultoria que atuamos:<\/span><\/p>\n<p align=\"justify\"><span style=\"font-size: medium;\"><br \/>\n<\/span><span style=\"font-size: medium;\"><strong>A &#8211; Consultoria Fisco-Tribut\u00e1ria:\u00a0<\/strong><\/span><span style=\"font-size: medium;\">O trabalho de Consultoria Fisco-Tribut\u00e1ria, consistir\u00e1 nos seguintes sub-t\u00f3picos:<br \/>\n&#8211; Consultoria na emiss\u00e3o de Notas Fiscais e aos cr\u00e9ditos e d\u00e9bitos de impostos;<br \/>\n&#8211; Consultoria nos c\u00e1lculos dos impostos e contribui\u00e7\u00f5es diretos (PIS, COFINS), IRPJ, CSSL, ISSQN)<br \/>\ne indiretos (ICMS, IPI) da empresa;<br \/>\n&#8211; Consultoria nos recolhimentos de Impostos e Contribui\u00e7\u00f5es;<br \/>\n&#8211; Planejamento Tribut\u00e1rio afim de demonstrar a empresa qual a melhor forma de Tributa\u00e7\u00e3o.<br \/>\n&#8211; Levantamento e Recupera\u00e7\u00e3o de Cr\u00e9ditos para futuras compensa\u00e7\u00f5es.<br \/>\n&#8211; Analise preventiva de quest\u00f5es tribut\u00e1rias e envio de informativo sobre mudan\u00e7as, legisla\u00e7\u00f5es e noticias tributarias.<br \/>\n&#8211; Administra\u00e7\u00e3o de Passivo Tribut\u00e1rio.<\/span><\/p>\n<p align=\"justify\"><span style=\"font-size: medium;\"><br \/>\n<\/span><span style=\"font-size: medium;\"><strong>B \u2013 Consultoria Trabalhista:\u00a0<\/strong><\/span><span style=\"font-size: medium;\">O trabalho de Consultoria Trabalhista consistir\u00e1 nos seguintes sub-t\u00f3picos:<br \/>\n&#8211; Consultoria nos procedimentos de admiss\u00e3o e demiss\u00e3o de empregados;<br \/>\n&#8211; Consultoria na Folha de Pagamento, acompanhamento de a\u00e7\u00f5es judiciais;<br \/>\n&#8211; Consultoria de c\u00e1lculos de contribui\u00e7\u00f5es previdenci\u00e1rias.<br \/>\n<\/span><\/p>\n<p align=\"justify\"><strong><span style=\"font-size: medium;\">C \u2013 Consultoria Societ\u00e1ria:\u00a0<\/span><\/strong><span style=\"font-size: medium;\">A consultoria societ\u00e1ria consiste na an\u00e1lise de contratos, documentos, investimentos da sociedade de acordo com a Legisla\u00e7\u00e3o Societ\u00e1ria e o C\u00f3digo Civil Brasileiro.<\/span><\/p>\n","protected":false},"excerpt":{"rendered":"<p>Os servi\u00e7os de Consultoria s\u00e3o realizados com visitas semanais, al\u00e9m de contato para esclarecimento de duvidas por e-mail e telefone, abaixo est\u00e3o as \u00e1reas da consultoria que atuamos: A &#8211; Consultoria Fisco-Tribut\u00e1ria:\u00a0O trabalho de Consultoria Fisco-Tribut\u00e1ria, consistir\u00e1 nos seguintes sub-t\u00f3picos: &#8211; Consultoria na emiss\u00e3o de Notas Fiscais e aos cr\u00e9ditos e d\u00e9bitos de impostos; &#8211;&#8230;<\/p>\n","protected":false},"author":1,"featured_media":0,"parent":0,"menu_order":0,"comment_status":"closed","ping_status":"closed","template":"","meta":{"_kad_post_transparent":"","_kad_post_title":"","_kad_post_layout":"","_kad_post_sidebar_id":"","_kad_post_content_style":"","_kad_post_vertical_padding":"","_kad_post_feature":"","_kad_post_feature_position":"","_kad_post_header":false,"_kad_post_footer":false,"_kad_post_classname":"","footnotes":""},"class_list":["post-8","page","type-page","status-publish","hentry"],"_links":{"self":[{"href":"https:\/\/bemaauditores.com.br\/portal\/wp-json\/wp\/v2\/pages\/8"}],"collection":[{"href":"https:\/\/bemaauditores.com.br\/portal\/wp-json\/wp\/v2\/pages"}],"about":[{"href":"https:\/\/bemaauditores.com.br\/portal\/wp-json\/wp\/v2\/types\/page"}],"author":[{"embeddable":true,"href":"https:\/\/bemaauditores.com.br\/portal\/wp-json\/wp\/v2\/users\/1"}],"replies":[{"embeddable":true,"href":"https:\/\/bemaauditores.com.br\/portal\/wp-json\/wp\/v2\/comments?post=8"}],"version-history":[{"count":1,"href":"https:\/\/bemaauditores.com.br\/portal\/wp-json\/wp\/v2\/pages\/8\/revisions"}],"predecessor-version":[{"id":9,"href":"https:\/\/bemaauditores.com.br\/portal\/wp-json\/wp\/v2\/pages\/8\/revisions\/9"}],"wp:attachment":[{"href":"https:\/\/bemaauditores.com.br\/portal\/wp-json\/wp\/v2\/media?parent=8"}],"curies":[{"name":"wp","href":"https:\/\/api.w.org\/{rel}","templated":true}]}}