{"id":16,"date":"2020-11-13T00:16:45","date_gmt":"2020-11-13T00:16:45","guid":{"rendered":"https:\/\/bemaauditores.com.br\/portal\/?page_id=16"},"modified":"2020-11-13T00:16:45","modified_gmt":"2020-11-13T00:16:45","slug":"sped","status":"publish","type":"page","link":"https:\/\/bemaauditores.com.br\/portal\/sped\/","title":{"rendered":"SPED"},"content":{"rendered":"<p style=\"font-weight: 400;\">Ap\u00f3s ter participado de diversos treinamentos\u00a0em todo\u00a0o Brasil, a\u00a0<strong>BEMA CONSULTORES E AUDITORES<\/strong>\u00a0encontra-se\u00a0preparada para\u00a0desenvolver um trabalho de\u00a0consultoria nas empresas, voltado ao SPED (Sistema Publico de Escritura\u00e7\u00e3o Digital), a fim de ajudar a Sociedade a se adequar\u00a0de acordo com\u00a0normas corretas para a implanta\u00e7\u00e3o desse sistema sem correr nenhum risco e sem sofrer nenhuma penalidade.<\/p>\n<p style=\"font-weight: 400;\"><strong>Os nossos servi\u00e7os consistem em tr\u00eas etapas:<\/strong><\/p>\n<p style=\"font-weight: 400;\">1\u00ba &#8211; Consultoria na Implanta\u00e7\u00e3o e adequa\u00e7\u00e3o do sistema operacional da empresa de acordo com as Normas e Legisla\u00e7\u00f5es existentes.<\/p>\n<p style=\"font-weight: 400;\">2\u00ba &#8211; Treinamento e Consultoria, para preparar os funcionarios envolvidos com o SPED, para adequa-los da mudan\u00e7a e\u00a0minimizar ao maximo a possibilidade de aparecer eventuais erros.<\/p>\n<p style=\"font-weight: 400;\">3\u00ba Auditoria e Valida\u00e7\u00e3o do processo;\u00a0constantemente \u00e9 feita uma auditoria para verificar e solucionar os erros apresentados, na gera\u00e7\u00e3o do arquivo<\/p>\n<p style=\"font-weight: 400;\"><em><u><strong>Agendem uma visita sem compromisso pelos nossos e-mails e telefones.<\/strong><\/u><\/em><\/p>\n","protected":false},"excerpt":{"rendered":"<p>Ap\u00f3s ter participado de diversos treinamentos\u00a0em todo\u00a0o Brasil, a\u00a0BEMA CONSULTORES E AUDITORES\u00a0encontra-se\u00a0preparada para\u00a0desenvolver um trabalho de\u00a0consultoria nas empresas, voltado ao SPED (Sistema Publico de Escritura\u00e7\u00e3o Digital), a fim de ajudar a Sociedade a se adequar\u00a0de acordo com\u00a0normas corretas para a implanta\u00e7\u00e3o desse sistema sem correr nenhum risco e sem sofrer nenhuma penalidade. Os nossos servi\u00e7os&#8230;<\/p>\n","protected":false},"author":1,"featured_media":0,"parent":0,"menu_order":0,"comment_status":"closed","ping_status":"closed","template":"","meta":{"_kad_post_transparent":"","_kad_post_title":"","_kad_post_layout":"","_kad_post_sidebar_id":"","_kad_post_content_style":"","_kad_post_vertical_padding":"","_kad_post_feature":"","_kad_post_feature_position":"","_kad_post_header":false,"_kad_post_footer":false,"_kad_post_classname":"","footnotes":""},"class_list":["post-16","page","type-page","status-publish","hentry"],"_links":{"self":[{"href":"https:\/\/bemaauditores.com.br\/portal\/wp-json\/wp\/v2\/pages\/16"}],"collection":[{"href":"https:\/\/bemaauditores.com.br\/portal\/wp-json\/wp\/v2\/pages"}],"about":[{"href":"https:\/\/bemaauditores.com.br\/portal\/wp-json\/wp\/v2\/types\/page"}],"author":[{"embeddable":true,"href":"https:\/\/bemaauditores.com.br\/portal\/wp-json\/wp\/v2\/users\/1"}],"replies":[{"embeddable":true,"href":"https:\/\/bemaauditores.com.br\/portal\/wp-json\/wp\/v2\/comments?post=16"}],"version-history":[{"count":1,"href":"https:\/\/bemaauditores.com.br\/portal\/wp-json\/wp\/v2\/pages\/16\/revisions"}],"predecessor-version":[{"id":17,"href":"https:\/\/bemaauditores.com.br\/portal\/wp-json\/wp\/v2\/pages\/16\/revisions\/17"}],"wp:attachment":[{"href":"https:\/\/bemaauditores.com.br\/portal\/wp-json\/wp\/v2\/media?parent=16"}],"curies":[{"name":"wp","href":"https:\/\/api.w.org\/{rel}","templated":true}]}}