{"id":14,"date":"2020-11-13T00:15:48","date_gmt":"2020-11-13T00:15:48","guid":{"rendered":"https:\/\/bemaauditores.com.br\/portal\/?page_id=14"},"modified":"2020-11-13T00:15:48","modified_gmt":"2020-11-13T00:15:48","slug":"cursos-e-treinamentos","status":"publish","type":"page","link":"https:\/\/bemaauditores.com.br\/portal\/cursos-e-treinamentos\/","title":{"rendered":"Cursos e Treinamentos"},"content":{"rendered":"<p style=\"font-weight: 400;\">Sempre foi um grande sonho de nosso fundador, a realiza\u00e7\u00e3o de cursos e treinamentos\u00a0para empresas, hoje a\u00a0<strong>BEMA CONSULTORES E AUDITORES\u00a0<\/strong>conta com uma grande estrutura nessa \u00e1rea e vem\u00a0h\u00e1 alguns anos desenvolvendo cursos, palestras e treinamentos\u00a0em toda nossa regi\u00e3o, dos assuntos atuais sobre Economia, Contabilidade, Recursos Humanos,\u00a0Legisla\u00e7\u00e3o Tribut\u00e1ria, Sistema Tribut\u00e1rio Nacional;\u00a0entre outros temas espec\u00edficos que seja da necessidade do Cliente.<\/p>\n<p style=\"font-weight: 400;\">Os nossos cursos e treinamentos sao feitos atrav\u00e9s de material did\u00e1tico e datashow, em nosso escrit\u00f3rio ou na empresa contratante.<\/p>\n<p>Vale a pena conferir a nossa grade de cursos e treinamentos pelos nossos telefones!<\/p>\n","protected":false},"excerpt":{"rendered":"<p>Sempre foi um grande sonho de nosso fundador, a realiza\u00e7\u00e3o de cursos e treinamentos\u00a0para empresas, hoje a\u00a0BEMA CONSULTORES E AUDITORES\u00a0conta com uma grande estrutura nessa \u00e1rea e vem\u00a0h\u00e1 alguns anos desenvolvendo cursos, palestras e treinamentos\u00a0em toda nossa regi\u00e3o, dos assuntos atuais sobre Economia, Contabilidade, Recursos Humanos,\u00a0Legisla\u00e7\u00e3o Tribut\u00e1ria, Sistema Tribut\u00e1rio Nacional;\u00a0entre outros temas espec\u00edficos que seja&#8230;<\/p>\n","protected":false},"author":1,"featured_media":0,"parent":0,"menu_order":0,"comment_status":"closed","ping_status":"closed","template":"","meta":{"_kad_post_transparent":"","_kad_post_title":"","_kad_post_layout":"","_kad_post_sidebar_id":"","_kad_post_content_style":"","_kad_post_vertical_padding":"","_kad_post_feature":"","_kad_post_feature_position":"","_kad_post_header":false,"_kad_post_footer":false,"_kad_post_classname":"","footnotes":""},"class_list":["post-14","page","type-page","status-publish","hentry"],"_links":{"self":[{"href":"https:\/\/bemaauditores.com.br\/portal\/wp-json\/wp\/v2\/pages\/14"}],"collection":[{"href":"https:\/\/bemaauditores.com.br\/portal\/wp-json\/wp\/v2\/pages"}],"about":[{"href":"https:\/\/bemaauditores.com.br\/portal\/wp-json\/wp\/v2\/types\/page"}],"author":[{"embeddable":true,"href":"https:\/\/bemaauditores.com.br\/portal\/wp-json\/wp\/v2\/users\/1"}],"replies":[{"embeddable":true,"href":"https:\/\/bemaauditores.com.br\/portal\/wp-json\/wp\/v2\/comments?post=14"}],"version-history":[{"count":1,"href":"https:\/\/bemaauditores.com.br\/portal\/wp-json\/wp\/v2\/pages\/14\/revisions"}],"predecessor-version":[{"id":15,"href":"https:\/\/bemaauditores.com.br\/portal\/wp-json\/wp\/v2\/pages\/14\/revisions\/15"}],"wp:attachment":[{"href":"https:\/\/bemaauditores.com.br\/portal\/wp-json\/wp\/v2\/media?parent=14"}],"curies":[{"name":"wp","href":"https:\/\/api.w.org\/{rel}","templated":true}]}}